{"id":2592,"date":"2024-05-06T13:35:00","date_gmt":"2024-05-06T13:35:00","guid":{"rendered":"https:\/\/demo.bravisthemes.com\/kimono\/?page_id=2592"},"modified":"2026-02-02T23:59:06","modified_gmt":"2026-02-02T23:59:06","slug":"la-maison","status":"publish","type":"page","link":"https:\/\/maison-obscura.com\/en\/la-maison\/","title":{"rendered":"La Maison"},"content":{"rendered":"<div data-elementor-type=\"wp-page\" data-elementor-id=\"2592\" class=\"elementor elementor-2592\">\n\t\t\t\t        <section class=\"elementor-section elementor-top-section elementor-element elementor-element-ac04765 elementor-section-stretched elementor-section-boxed elementor-section-height-default elementor-section-height-default pxl-row-scroll-none pxl-column-overflow-gradient-top-no pxl-column-overflow-gradient-bottom-no pxl-section-bg-none\" data-id=\"ac04765\" data-element_type=\"section\" data-e-type=\"section\" data-settings=\"{&quot;stretch_section&quot;:&quot;section-stretched&quot;}\">\n\n                \n        <div class=\"pxl-section-effect-images\"><img data-parallax-value=\"\" \r\n\t\tdata-parallax=\"{&quot;y&quot;:80}\" \r\n\t\tclass=\"pxl-item--image light elementor-repeater-item-5bd1d16 pxl-parallax-scroll  pxl-hide-sr-md pxl-hide-sr-sm\" \r\n\t\tsrc=\"https:\/\/maison-obscura.com\/wp-content\/uploads\/2024\/05\/vector8.webp\" \/>\r\n\t\t<img data-parallax-value=\"\" \r\n\t\tdata-parallax=\"{&quot;y&quot;:80}\" \r\n\t\tclass=\"pxl-item--image dark elementor-repeater-item-5bd1d16 pxl-parallax-scroll  pxl-hide-sr-md pxl-hide-sr-sm\" \r\n\t\tsrc=\"https:\/\/maison-obscura.com\/wp-content\/uploads\/2024\/05\/vector8.webp\" \/><img data-parallax-value=\"\" \r\n\t\tdata-parallax=\"[]\" \r\n\t\tclass=\"pxl-item--image light elementor-repeater-item-fd6ce66   pxl-hide-sr-md pxl-hide-sr-sm\" \r\n\t\tsrc=\"https:\/\/maison-obscura.com\/wp-content\/uploads\/2024\/05\/vector1.webp\" \/>\r\n\t\t<img data-parallax-value=\"\" \r\n\t\tdata-parallax=\"[]\" \r\n\t\tclass=\"pxl-item--image dark elementor-repeater-item-fd6ce66   pxl-hide-sr-md pxl-hide-sr-sm\" \r\n\t\tsrc=\"https:\/\/maison-obscura.com\/wp-content\/uploads\/2024\/05\/vector1.webp\" \/><div class=\"pxl-overlay--gradient\"><\/div><\/div>        <div class=\"elementor-container elementor-column-gap-extended\">\n                <div class=\"elementor-column elementor-col-66 elementor-top-column elementor-element elementor-element-0524aef pxl-section-offset-none pxl-column-none\" data-id=\"0524aef\" data-element_type=\"column\" data-e-type=\"column\">\r\n        <div class=\"elementor-widget-wrap elementor-element-populated\">\r\n                     \r\n        \t\t<div class=\"elementor-element elementor-element-56f8da7 elementor-widget elementor-widget-pxl_heading\" data-id=\"56f8da7\" data-element_type=\"widget\" data-e-type=\"widget\" data-widget_type=\"pxl_heading.default\">\n\t\t\t\t<div class=\"elementor-widget-container\">\n\t\t\t\t\t<div class=\"pxl-heading\">\n\t<div class=\"pxl-heading--inner\">\n\t\t\t\t\t<div class=\"pxl-item--subtitle  df\" data-wow-delay=\"ms\" data-wow-duration=\"1.2s\"><span>Le parfum comme langage \u00e9motionnel<\/span><\/div>\n\t\t\t\t<h2 class=\"pxl-item--title style1 df divider-none\" data-wow-delay=\"ms\" data-wow-duration=\"1.2s\">\n\t\tL\u2019\u00c2ME DE MAISON OBSCURA\t\t\t\t<\/h2>\n\t<\/div>\n<\/div>\n\t\t\t\t<\/div>\n\t\t\t\t<\/div>\n\t\t        <section class=\"elementor-section elementor-inner-section elementor-element elementor-element-31864cb elementor-section-boxed elementor-section-height-default elementor-section-height-default pxl-row-scroll-none pxl-column-overflow-gradient-top-no pxl-column-overflow-gradient-bottom-no pxl-section-bg-none\" data-id=\"31864cb\" data-element_type=\"section\" data-e-type=\"section\">\n\n                \n                <div class=\"elementor-container elementor-column-gap-extended\">\n                <div class=\"elementor-column elementor-col-50 elementor-inner-column elementor-element elementor-element-0a18fce pxl-section-offset-none pxl-column-none\" data-id=\"0a18fce\" data-element_type=\"column\" data-e-type=\"column\">\r\n        <div class=\"elementor-widget-wrap elementor-element-populated\">\r\n                     \r\n        \t\t<div class=\"elementor-element elementor-element-1ceb1de elementor-widget elementor-widget-pxl_image_box\" data-id=\"1ceb1de\" data-element_type=\"widget\" data-e-type=\"widget\" data-widget_type=\"pxl_image_box.default\">\n\t\t\t\t<div class=\"elementor-widget-container\">\n\t\t\t\t\t<div class=\"pxl-image-box pxl-image-box1 normal wow fadeInUp\" data-wow-delay=\"ms\" data-wow-duration=\"1.2s\">\r\n        <div class=\"pxl-item--inner\">\r\n        <div class=\"canvas\"><\/div>\r\n        <div class=\"item--image\">            \r\n                            <img decoding=\"async\" src=\"http:\/\/maison-obscura.com\/wp-content\/uploads\/2024\/07\/Maison-obscura-v1-Logo-sans-fond-scaled.png\" class=\"image-front attachment-full\" alt=\"image front\" data-sampler=\"texture0\">\r\n                                        <img decoding=\"async\" src=\"http:\/\/maison-obscura.com\/wp-content\/uploads\/2026\/02\/137b68ce-4e07-4b59-87ef-166bbf8eb347.png\" class=\"image-back attachment-full\" alt=\"image back\" data-sampler=\"texture1\">\r\n                                        <img decoding=\"async\" src=\"https:\/\/maison-obscura.com\/wp-content\/themes\/kimono\/assets\/img\/displacements-02.jpg\" class=\"map\" alt=\"image displacements\" data-sampler=\"map\">\r\n                        \r\n        <\/div>\r\n    <\/div>\r\n<\/div>\t\t\t\t<\/div>\n\t\t\t\t<\/div>\n\t\t            <\/div>\r\n        <\/div>\r\n                <div class=\"elementor-column elementor-col-50 elementor-inner-column elementor-element elementor-element-e49d186 pxl-section-offset-none pxl-column-none\" data-id=\"e49d186\" data-element_type=\"column\" data-e-type=\"column\">\r\n        <div class=\"elementor-widget-wrap elementor-element-populated\">\r\n                     \r\n        \t\t<div class=\"elementor-element elementor-element-5c8a88d elementor-widget elementor-widget-pxl_text_editor\" data-id=\"5c8a88d\" data-element_type=\"widget\" data-e-type=\"widget\" data-widget_type=\"pxl_text_editor.default\">\n\t\t\t\t<div class=\"elementor-widget-container\">\n\t\t\t\t\t<div class=\"pxl-text-editor\" data-wow-delay=\"ms\" data-wow-duration=\"1.2s\">\n\t<div class=\"pxl-item--inner\">\n\t\t<p data-start=\"1399\" data-end=\"1623\">Maison Obscura est n\u00e9e d\u2019une passion profonde pour le parfum comme vecteur d\u2019\u00e9motions.<\/p><p data-start=\"1399\" data-end=\"1623\"><br data-start=\"1485\" data-end=\"1488\" \/>Nous croyons que le parfum est un langage intime, capable d\u2019\u00e9voquer des souvenirs, de r\u00e9v\u00e9ler des sensations et de marquer les esprits.<\/p><p data-start=\"1399\" data-end=\"1623\">\u00a0<\/p><p data-start=\"1625\" data-end=\"1703\">Chaque cr\u00e9ation est pens\u00e9e pour \u00eatre v\u00e9cue, ressentie, et devenir personnelle.<\/p>\t<\/div>\n<\/div>\n\t\t\t\t<\/div>\n\t\t\t\t<\/div>\n\t\t            <\/div>\r\n        <\/div>\r\n        \t\t\t<\/div>\n\t\t<\/section>\n\t\t            <\/div>\r\n        <\/div>\r\n                <div class=\"elementor-column elementor-col-33 elementor-top-column elementor-element elementor-element-76c2fe0 pxl-section-offset-none pxl-column-none\" data-id=\"76c2fe0\" data-element_type=\"column\" data-e-type=\"column\">\r\n        <div class=\"elementor-widget-wrap elementor-element-populated\">\r\n                     \r\n        \t\t<div class=\"elementor-element elementor-element-b29f778 elementor-widget elementor-widget-pxl_image_box\" data-id=\"b29f778\" data-element_type=\"widget\" data-e-type=\"widget\" data-widget_type=\"pxl_image_box.default\">\n\t\t\t\t<div class=\"elementor-widget-container\">\n\t\t\t\t\t<div class=\"pxl-image-box pxl-image-box1 normal wow fadeInUp\" data-wow-delay=\"ms\" data-wow-duration=\"1.2s\">\r\n        <div class=\"pxl-item--inner\">\r\n        <div class=\"canvas\"><\/div>\r\n        <div class=\"item--image\">            \r\n                            <img decoding=\"async\" src=\"http:\/\/maison-obscura.com\/wp-content\/uploads\/2024\/05\/b6b3c978-5aa7-4fe1-b341-97978c95c25c.png\" class=\"image-front attachment-full\" alt=\"image front\" data-sampler=\"texture0\">\r\n                                        <img decoding=\"async\" src=\"http:\/\/maison-obscura.com\/wp-content\/uploads\/2026\/02\/67ecf2b8-8e70-4340-b3ae-9505d1ad2bb7.png\" class=\"image-back attachment-full\" alt=\"image back\" data-sampler=\"texture1\">\r\n                                        <img decoding=\"async\" src=\"https:\/\/maison-obscura.com\/wp-content\/themes\/kimono\/assets\/img\/displacements-02.jpg\" class=\"map\" alt=\"image displacements\" data-sampler=\"map\">\r\n                        \r\n        <\/div>\r\n    <\/div>\r\n<\/div>\t\t\t\t<\/div>\n\t\t\t\t<\/div>\n\t\t            <\/div>\r\n        <\/div>\r\n        \t\t\t<\/div>\n\t\t<\/section>\n\t\t\t\t<\/div>","protected":false},"excerpt":{"rendered":"<p>Le parfum comme langage \u00e9motionnel L\u2019\u00c2ME DE MAISON OBSCURA Maison Obscura est n\u00e9e d\u2019une passion profonde pour le parfum comme vecteur d\u2019\u00e9motions. Nous croyons que le parfum est un langage intime, capable d\u2019\u00e9voquer des souvenirs, de r\u00e9v\u00e9ler des sensations et de marquer les esprits. \u00a0 Chaque cr\u00e9ation est pens\u00e9e pour \u00eatre v\u00e9cue, ressentie, et devenir [&hellip;]<\/p>\n","protected":false},"author":1,"featured_media":0,"parent":0,"menu_order":0,"comment_status":"closed","ping_status":"closed","template":"","meta":{"_acf_changed":false,"footnotes":""},"class_list":["post-2592","page","type-page","status-publish","hentry"],"acf":[],"jetpack_sharing_enabled":true,"_links":{"self":[{"href":"https:\/\/maison-obscura.com\/en\/wp-json\/wp\/v2\/pages\/2592","targetHints":{"allow":["GET"]}}],"collection":[{"href":"https:\/\/maison-obscura.com\/en\/wp-json\/wp\/v2\/pages"}],"about":[{"href":"https:\/\/maison-obscura.com\/en\/wp-json\/wp\/v2\/types\/page"}],"author":[{"embeddable":true,"href":"https:\/\/maison-obscura.com\/en\/wp-json\/wp\/v2\/users\/1"}],"replies":[{"embeddable":true,"href":"https:\/\/maison-obscura.com\/en\/wp-json\/wp\/v2\/comments?post=2592"}],"version-history":[{"count":25,"href":"https:\/\/maison-obscura.com\/en\/wp-json\/wp\/v2\/pages\/2592\/revisions"}],"predecessor-version":[{"id":17722,"href":"https:\/\/maison-obscura.com\/en\/wp-json\/wp\/v2\/pages\/2592\/revisions\/17722"}],"wp:attachment":[{"href":"https:\/\/maison-obscura.com\/en\/wp-json\/wp\/v2\/media?parent=2592"}],"curies":[{"name":"wp","href":"https:\/\/api.w.org\/{rel}","templated":true}]}}